{"id":9,"date":"2022-02-06T21:42:52","date_gmt":"2022-02-06T21:42:52","guid":{"rendered":"https:\/\/falconsdx.com\/?page_id=9"},"modified":"2025-01-28T18:32:11","modified_gmt":"2025-01-28T18:32:11","slug":"sobre","status":"publish","type":"page","link":"https:\/\/falconsdx.com\/","title":{"rendered":"FALCONS"},"content":{"rendered":"\r\n<p style=\"text-align: center;\">\u00a0<\/p>\r\n<p>Um breve relato de como come\u00e7ou o Falcons DX Group&#8230;<\/p>\r\n<p>Meados de 2016: uma turma que gostava de DX e contest\u2019s da cidade de Blumenau (Santa Catarina), obteve autoriza\u00e7\u00e3o para uso da antiga sede e tamb\u00e9m do \u00faltimo presidente do extinto PX Clube Blumenau.<\/p>\r\n<p>Em 2008 o lugar foi devastado por uma cat\u00e1strofe clim\u00e1tica &#8211; e ficou abandonada durante 9 anos.<\/p>\r\n<p>Com isso, surgiu a vontade de formar um grupo, embora sem pretens\u00e3o de competi\u00e7\u00f5es de grande porte \u2013 para melhor usufruir do local e, com a ajuda de v\u00e1rios demais amigos de Blumenau e cidades circunvizinhas, foi criada a SEDE, chamada a princ\u00edpio de TOCA DAS RAPOSAS (composta inicialmente por: PP5IP, PP5ASC, PU5CPM, PU5DUD, PU5CPJ, PU5DRT, PU5EAZ e PP5ZW.<\/p>\r\n<p>Estes amigos uniram-se promovendo uma grande organiza\u00e7\u00e3o na SEDE &#8211; e ainda montar sua primeira antena para o Contest CVA &#8211; apenas para testar no local. Com resultados exitosos e muito al\u00e9m dos esperados, passaram, ent\u00e3o, a participar de outros contests \u2013 alcan\u00e7ando grandes Dxsitas brasileiros e, com poucos recursos, lograram ficar entre as 10 primeiras coloca\u00e7\u00f5es.<\/p>\r\n<p>Com o passar do tempo aliando a quantidade de Radioamadores que apoiaram a ideia \u2013 sem a necessidade de pagamentos, estatutos, regras de clubes, presid\u00eancias nem discuss\u00f5es do tipo quem manda mais (ou menos), v\u00e1rios outros demais amigos, ante o crescimento robusto, come\u00e7aram a se juntar \u00e0queles amigos que ainda compunham a TOCA DAS RAPOSAS.<\/p>\r\n<p>Na caminhada, alguns desistiram, outros se apartaram, desligaram-se por motivos particulares (embora as portas continuaram abertas) e, mesmo ainda com tr\u00eas amigos dispostos a participar de contests &#8211; PP5IP, PU5CPM e PU5DUD \u2013 respectivamente Lessa, C\u00e9lio e Renato decidiram por uma reformula\u00e7\u00e3o total, n\u00e3o contudo sem a mesma vontade e guarra: fizemos alguns convites, abrimos espa\u00e7o para futuros membros fazerem parte.<\/p>\r\n<p>2021<br \/>O Falcons DX Group promove o primeiro, in\u00e9dito e revolucion\u00e1rio Contest nacional \u2013 com apura\u00e7\u00e3o 100% em tempo real \u2013 apura\u00e7\u00e3o aberta, transparente, detalhando os erros e acertos nos logs enviados.<\/p>\r\n<p>&nbsp;<\/p>\r\n<p style=\"text-align: center;\">FALCONS DX GROUP<br \/>\u201cAmigos\u00a0acima\u00a0de\u00a0tudo\u201d<\/p>\r\n<p style=\"text-align: center;\"><br \/><br \/><br \/><br \/><br \/><\/p>\r\n","protected":false},"excerpt":{"rendered":"<p>\u00a0 Um breve relato de como come\u00e7ou o Falcons DX Group&#8230; Meados de 2016: uma turma que gostava de DX e contest\u2019s da cidade de Blumenau (Santa Catarina), obteve autoriza\u00e7\u00e3o para uso da antiga sede e tamb\u00e9m do \u00faltimo presidente do extinto PX Clube Blumenau. Em 2008 o lugar foi devastado por uma cat\u00e1strofe clim\u00e1tica [&hellip;]<\/p>\n","protected":false},"author":1,"featured_media":0,"parent":0,"menu_order":0,"comment_status":"closed","ping_status":"closed","template":"","meta":{"footnotes":""},"class_list":["post-9","page","type-page","status-publish","hentry"],"_links":{"self":[{"href":"https:\/\/falconsdx.com\/index.php\/wp-json\/wp\/v2\/pages\/9","targetHints":{"allow":["GET"]}}],"collection":[{"href":"https:\/\/falconsdx.com\/index.php\/wp-json\/wp\/v2\/pages"}],"about":[{"href":"https:\/\/falconsdx.com\/index.php\/wp-json\/wp\/v2\/types\/page"}],"author":[{"embeddable":true,"href":"https:\/\/falconsdx.com\/index.php\/wp-json\/wp\/v2\/users\/1"}],"replies":[{"embeddable":true,"href":"https:\/\/falconsdx.com\/index.php\/wp-json\/wp\/v2\/comments?post=9"}],"version-history":[{"count":18,"href":"https:\/\/falconsdx.com\/index.php\/wp-json\/wp\/v2\/pages\/9\/revisions"}],"predecessor-version":[{"id":517,"href":"https:\/\/falconsdx.com\/index.php\/wp-json\/wp\/v2\/pages\/9\/revisions\/517"}],"wp:attachment":[{"href":"https:\/\/falconsdx.com\/index.php\/wp-json\/wp\/v2\/media?parent=9"}],"curies":[{"name":"wp","href":"https:\/\/api.w.org\/{rel}","templated":true}]}}